{"id":529,"date":"2020-10-09T08:25:11","date_gmt":"2020-10-09T06:25:11","guid":{"rendered":"http:\/\/wir-in-erzhausen.de\/wordpress\/?page_id=529"},"modified":"2020-10-09T08:36:03","modified_gmt":"2020-10-09T06:36:03","slug":"aktivitaeten-neu","status":"publish","type":"page","link":"https:\/\/wir-in-erzhausen.de\/wordpress\/aktivitaeten-neu\/","title":{"rendered":"Aktivit\u00e4ten"},"content":{"rendered":"<p><strong><span style=\"font-size: 24pt;\">Weiter mit<\/span><\/strong><\/p>\n<ul>\n<li><a href=\"https:\/\/wir-in-erzhausen.de\/wordpress\/aktivitaeten\/\">\u00dcberblick<\/a><br \/>\n\u00fcber Veranstaltungen, Treffen und Ausfl\u00fcgen, die WIR-in-Erzhausen organisiert<\/li>\n<li><a href=\"https:\/\/wir-in-erzhausen.de\/wordpress\/chronik\/\">Chronik<\/a><br \/>\nAuflistungen von Veranstaltungen, Ausfl\u00fcge und Treffen, die von WIR-in-Erzhausen organisisiert und durchgef\u00fchrt wurden oder an denen WIR-in-Erzhausen beteiligt war seit dem Gr\u00fcndungsjahr 2013<\/li>\n<\/ul>\n","protected":false},"excerpt":{"rendered":"<p>Weiter mit \u00dcberblick \u00fcber Veranstaltungen, Treffen und Ausfl\u00fcgen, die WIR-in-Erzhausen organisiert Chronik Auflistungen von Veranstaltungen,<\/p>\n","protected":false},"author":2,"featured_media":0,"parent":0,"menu_order":0,"comment_status":"closed","ping_status":"closed","template":"","meta":{"footnotes":""},"class_list":["post-529","page","type-page","status-publish","hentry"],"_links":{"self":[{"href":"https:\/\/wir-in-erzhausen.de\/wordpress\/wp-json\/wp\/v2\/pages\/529","targetHints":{"allow":["GET"]}}],"collection":[{"href":"https:\/\/wir-in-erzhausen.de\/wordpress\/wp-json\/wp\/v2\/pages"}],"about":[{"href":"https:\/\/wir-in-erzhausen.de\/wordpress\/wp-json\/wp\/v2\/types\/page"}],"author":[{"embeddable":true,"href":"https:\/\/wir-in-erzhausen.de\/wordpress\/wp-json\/wp\/v2\/users\/2"}],"replies":[{"embeddable":true,"href":"https:\/\/wir-in-erzhausen.de\/wordpress\/wp-json\/wp\/v2\/comments?post=529"}],"version-history":[{"count":3,"href":"https:\/\/wir-in-erzhausen.de\/wordpress\/wp-json\/wp\/v2\/pages\/529\/revisions"}],"predecessor-version":[{"id":534,"href":"https:\/\/wir-in-erzhausen.de\/wordpress\/wp-json\/wp\/v2\/pages\/529\/revisions\/534"}],"wp:attachment":[{"href":"https:\/\/wir-in-erzhausen.de\/wordpress\/wp-json\/wp\/v2\/media?parent=529"}],"curies":[{"name":"wp","href":"https:\/\/api.w.org\/{rel}","templated":true}]}}