{"id":264,"date":"2020-07-13T16:55:54","date_gmt":"2020-07-13T14:55:54","guid":{"rendered":"http:\/\/wir-in-erzhausen.de\/wordpress\/?page_id=264"},"modified":"2020-07-16T10:43:43","modified_gmt":"2020-07-16T08:43:43","slug":"rechtliches","status":"publish","type":"page","link":"https:\/\/wir-in-erzhausen.de\/wordpress\/rechtliches\/","title":{"rendered":"Rechtliches"},"content":{"rendered":"<p><em><strong>Haftung f\u00fcr Inhalte<\/strong><\/em><br \/>\n<em>Als Diensteanbieter bin ich gem\u00e4\u00df \u00a7 7 Abs.1 TMG f\u00fcr eigene Inhalte auf diesen Seiten nach den allgemeinen Gesetzen verantwortlich. Nach \u00a7\u00a7 8 bis 10 TMG bin ich als Diensteanbieter jedoch nicht verpflichtet, \u00fcbermittelte oder gespeicherte fremde Informationen zu \u00fcberwachen oder nach Umst\u00e4nden zu forschen, die auf eine rechtswidrige T\u00e4tigkeit hinweisen. Verpflichtungen zur Entfernung oder Sperrung der Nutzung von Informationen nach den allgemeinen Gesetzen bleiben hiervon unber\u00fchrt. Eine diesbez\u00fcgliche Haftung ist jedoch erst ab dem Zeitpunkt der Kenntnis einer konkreten Rechtsverletzung m\u00f6glich. Bei Bekanntwerden von entsprechenden Rechtsverletzungen werde ich diese Inhalte umgehend entfernen.<\/em><\/p>\n<p><em><strong>Haftung f\u00fcr Links<\/strong><\/em><br \/>\n<em>Mein Angebot enth\u00e4lt Links zu externen Webseiten Dritter, auf deren Inhalte ich keinen Einfluss habe. Deshalb kann ich f\u00fcr diese fremden Inhalte auch keine Gew\u00e4hr \u00fcbernehmen. F\u00fcr die Inhalte der verlinkten Seiten ist stets der jeweilige Anbieter oder Betreiber <\/em><em>der Seiten verantwortlich. Die verlinkten Seiten wurden zum Zeitpunkt der Verlinkung auf m\u00f6gliche Rechtsverst\u00f6\u00dfe \u00fcberpr\u00fcft. Rechtswidrige Inhalte waren zum Zeitpunkt der Verlinkung nicht erkennbar. Eine permanente inhaltliche Kontrolle der verlinkten <\/em><em>Seiten ist jedoch ohne konkrete Anhaltspunkte einer Rechtsverletzung nicht zumutbar. Bei Bekanntwerden von Rechtsverletzungen werde ich derartige Links umgehend entfernen.<\/em><\/p>\n<p><strong>Haftung bei Veranstaltungen, Treffen, Ausfl\u00fcgen o.\u00c4.<\/strong><br \/>\nDie Teilnahme an Veranstaltungen, Treffen, Ausfl\u00fcgen o.\u00c4., die von WIR-in-Erzhausen organisiert oder vermittelt wurden, erfolgt auf eigenes Risiko. Vom WIR-in-Erzhausen wird keine Haftung f\u00fcr Sch\u00e4den jeglicher Art \u00fcbernommen. Sofern eine\u00a0 Anmeldung erforderlich ist, wird damit bereits der Haftungsausschluss anerkannt, ansonsten mit der Teilnahme.<a id=\"Urheberrecht\"><\/a><\/p>\n<p><strong><em>Urheberrecht<\/em><\/strong><br \/>\n<em>Soweit die Inhalte auf dieser Seite nicht vom Betreiber erstellt wurden, werden die Urheberrechte Dritter beachtet. Insbesondere werden Inhalte Dritter als solche gekennzeichnet. Sollten Sie trotzdem auf eine Urheberrechtsverletzung aufmerksam werden, bitte ich um einen entsprechenden Hinweis. Bei Bekanntwerden von Rechtsverletzungen werde ich derartige Inhalte umgehend entfernen.<\/em><br \/>\n<em>Die durch die Seitenbetreiber erstellten Inhalte und Werke auf diesen Seiten unterliegen dem deutschen Urheberrecht.<\/em><\/p>\n<p><em>Die Vervielf\u00e4ltigung, Bearbeitung, Verbreitung und jede Art der Verwertung au\u00dferhalb der Grenzen des Urheberrechtes bed\u00fcrfen der schriftlichen Zustimmung des jeweiligen Autors bzw. Erstellers. Downloads und Kopien dieser Seite sind nur f\u00fcr den privaten, nicht kommerziellen Gebrauch gestattet.<\/em><\/p>\n<p>Insbesondere d\u00fcrfen in anderen Medien Hinweise auf Veranstaltungen, Ausfl\u00fcge, Besichtigungen o.\u00e4. nur dann ver\u00f6ffentlicht werden, wenn <a href=\"https:\/\/wir-in-erzhausen.de\/wordpress\/ueber-uns\/\" rel=\"noopener noreferrer\">ein Vertreter oder eine Vertreterin von WIR-in-Erzhausen<\/a> ausdr\u00fccklich darum bittet. Wir bitten daf\u00fcr um Verst\u00e4ndnis, da wir unser Angebot vorrangig den B\u00fcrgerinnen und B\u00fcrgern von Erzhausen zur Verf\u00fcgung stellen m\u00f6chten.<\/p>\n<p><b>Beitr\u00e4ge von Fremdautoren<\/b><br \/>\nFremdautoren, die selbst erstellte Beitr\u00e4ge (Texte, Grafiken, Fotos, usw.) f\u00fcr diese Internetseiten einreichen, r\u00e4umen damit dem Betreiber das Recht f\u00fcr die Ver\u00f6ffentlichung im Internet und in anderen Medien ein. Der Betreiber dieser Internetseiten beh\u00e4lt sich dabei das Recht vor, die eingereichten Beitr\u00e4ge zu k\u00fcrzen und stilistisch und orthografisch zu verbessern. Ein Recht auf Ver\u00f6ffentlichung besteht nicht.<br \/>\nBei der Ver\u00f6ffentlichung der eingereichten Beitr\u00e4ge wird der Name des Erstellers genannt, sofern seitens des Erstellers nicht anders verf\u00fcgt. Unabh\u00e4ngig davon verbleibt die Verantwortung f\u00fcr die Inhalte der eingereichten Beitr\u00e4ge insbesondere in Bezug auf die Einhaltung der anzuwendenden Rechtsvorschriften beim Ersteller.<\/p>\n<p>Quellverweis f\u00fcr die kursiven Texte: <a href=\"http:\/\/www.e-recht24.de\/muster-disclaimer.htm\" target=\"_blank\" rel=\"noopener noreferrer\">eRecht24<\/a><\/p>\n<p><b><a name=\"Datenschutzerklaerung\"><\/a>Datenschutz-Erkl\u00e4rung<\/b><\/p>\n<ul>\n<li>Im Rahmen unserer T\u00e4tigkeiten erhebt und speichert WIR-in-Erzhausen pers\u00f6nliche Daten wie Name, Telefonnummer, E-Mail-Adresse o.\u00e4. Gespeichert werden die Daten, die von der jeweiligen Person angegeben wurden und in Einzelf\u00e4llen weitere Daten, die in anderen Medien frei zug\u00e4nglich sind.<\/li>\n<li>Die Daten werden ausschlie\u00dflich zweckgebunden verwendet wie z.B. f\u00fcr die Vermittlung von Freiwilligen-Diensten, die Verbreitung von Informationen \u00fcber und\/oder die Organisation von Veranstaltungen, Ausfl\u00fcgen oder Besichtigungen.<\/li>\n<li>\u00a0An Dritte werden nur Daten weiter gegeben, die f\u00fcr den jeweiligen Zweck erforderlich sind.<\/li>\n<li>Die Daten werden in Papierform oder elektronisch gespeichert. Die elektronische Speicherung erfolgt auf den Computern der Mitglieder des Kernteams von WIR-in-Erzhausen sowie auf einem Server mit Standort in der EU (Zugriff via Software der TeamDrive Systems GmbH, Hamburg). Der Zugang auf den zentralen Server ist mit Passwort gesch\u00fctzt.<\/li>\n<li>Zugriff auf die Daten bei WIR-in-Erzhausen gespeicherten Daten haben nur die Mitglieder des Kernteams. Diese sind <a href=\"https:\/\/wir-in-erzhausen.de\/wordpress\/ueber-uns\/\" rel=\"noopener noreferrer\">hier<\/a> \u00f6ffentlich einsehbar.<\/li>\n<li>Die Daten werden bis auf Widerruf gespeichert. Ein Widerruf ist jederzeit per E-Mail oder pers\u00f6nlich in unserem <a href=\"https:\/\/wir-in-erzhausen.de\/wordpress\/kontakt\/\" rel=\"noopener noreferrer\">B\u00fcro<\/a> im Rathaus m\u00f6glich. In diesem Fall werden die Daten umgehend gel\u00f6scht. Auf Anfrage hin gibt WIR-in-Erzhausen der jeweiligen Person Auskunft, welche pers\u00f6nlichen Daten gespeichert sind.<\/li>\n<li>Bei Veranstaltungen, die WIR-in-Erzhausen in Zusammenarbeit mit Dritten plant und durchf\u00fchrt, wird im Einzelfall weiteren Personen auf Seiten des Veranstalters Zugriff auf veranstaltungsbezogene Daten gew\u00e4hrt, die auf dem TeamDrive-Server gespeichert sind. F\u00fcr Schutz der Daten, die Dritte auf anderen Medien speichern, sind die jeweiligen Personen selbst verantwortlich.<\/li>\n<\/ul>\n<p>Dieser Text unterliegt dem <a href=\"#Urheberrecht\" target=\"_self\" rel=\"noopener noreferrer\">Urheberrecht<\/a>!<\/p>\n","protected":false},"excerpt":{"rendered":"<p>Haftung f\u00fcr Inhalte Als Diensteanbieter bin ich gem\u00e4\u00df \u00a7 7 Abs.1 TMG f\u00fcr eigene Inhalte<\/p>\n","protected":false},"author":2,"featured_media":0,"parent":0,"menu_order":0,"comment_status":"closed","ping_status":"closed","template":"","meta":{"footnotes":""},"class_list":["post-264","page","type-page","status-publish","hentry"],"_links":{"self":[{"href":"https:\/\/wir-in-erzhausen.de\/wordpress\/wp-json\/wp\/v2\/pages\/264","targetHints":{"allow":["GET"]}}],"collection":[{"href":"https:\/\/wir-in-erzhausen.de\/wordpress\/wp-json\/wp\/v2\/pages"}],"about":[{"href":"https:\/\/wir-in-erzhausen.de\/wordpress\/wp-json\/wp\/v2\/types\/page"}],"author":[{"embeddable":true,"href":"https:\/\/wir-in-erzhausen.de\/wordpress\/wp-json\/wp\/v2\/users\/2"}],"replies":[{"embeddable":true,"href":"https:\/\/wir-in-erzhausen.de\/wordpress\/wp-json\/wp\/v2\/comments?post=264"}],"version-history":[{"count":5,"href":"https:\/\/wir-in-erzhausen.de\/wordpress\/wp-json\/wp\/v2\/pages\/264\/revisions"}],"predecessor-version":[{"id":351,"href":"https:\/\/wir-in-erzhausen.de\/wordpress\/wp-json\/wp\/v2\/pages\/264\/revisions\/351"}],"wp:attachment":[{"href":"https:\/\/wir-in-erzhausen.de\/wordpress\/wp-json\/wp\/v2\/media?parent=264"}],"curies":[{"name":"wp","href":"https:\/\/api.w.org\/{rel}","templated":true}]}}