{"id":237,"date":"2020-07-07T21:23:02","date_gmt":"2020-07-07T19:23:02","guid":{"rendered":"http:\/\/wir-in-erzhausen.de\/wordpress\/?page_id=237"},"modified":"2020-07-08T13:14:50","modified_gmt":"2020-07-08T11:14:50","slug":"katalog","status":"publish","type":"page","link":"https:\/\/wir-in-erzhausen.de\/wordpress\/katalog\/","title":{"rendered":"Katalog"},"content":{"rendered":"\n<p><strong>Bet\u00e4tigungsfelder (Beispiele)<\/strong><\/p>\n\n\n\n<figure class=\"wp-block-table\"><table class=\"has-subtle-light-gray-background-color has-background\"><tbody><tr><td><strong>Bitte beachten Sie Folgendes:<\/strong><br>Alle Hilfeleistungen m\u00fcssen als Nachbarschaftshilfe kostenlos erbracht, professionelle Dienstleistungen d\u00fcrfen nicht angeboten werden.<br>Alle Hilfeleistungen sind nur f\u00fcr kurze Zeitr\u00e4ume gedacht, z.B. wenn Angeh\u00f6rige in Urlaub sind.<\/td><\/tr><\/tbody><\/table><\/figure>\n\n\n\n<ul class=\"ListeEbene2 wp-block-list\"><li><strong>Haus und Hof<\/strong><ul><li>Betreuung der Wohnung bei Urlaub<\/li><li>Blumen gie\u00dfen bei Urlaub oder Krankheit<\/li><li>Briefkasten leeren bei Urlaub<\/li><li>Hilfe beim Umzug<br><\/li><\/ul><\/li><li><strong>Handwerkliches und Handarbeiten<\/strong><ul><li>kleine Reparaturen im Haushalt (Gl\u00fchbirne auswechseln, Wasserhahn abdichten, o.\u00c4.)<\/li><li>Fernsehger\u00e4t oder andere elektronische Ger\u00e4te anschlie\u00dfen oder einstellen<\/li><li>kleinere Fahrrad-Reparaturen<\/li><li>H\u00e4keln, stricken, sticken, flicken \/ ausbessern<br><\/li><\/ul><\/li><li><strong>Schriftverkehr\/PC<\/strong><ul><li>Formulare ausf\u00fcllen (Steuererkl\u00e4rung ausgenommen)<\/li><li>kleine \u00dcbersetzungsarbeiten<\/li><li>Briefe etc. mit\/ohne PC erstellen<\/li><li>Hilfe bei PC-Problemen<br><\/li><\/ul><\/li><li><strong>Kinder<\/strong><ul><li>Hausaufgaben betreuen<\/li><li>Nachhilfe<\/li><li>Kinder vom\/zum Kindergarten bringen<\/li><li>Vorlesen im Kindergarten<\/li><\/ul><\/li><\/ul>\n\n\n\n<ul class=\"wp-block-list\"><li><strong>Mithilfe bei Feierlichkeiten<\/strong><ul><li>Backen \/ kochen<\/li><li>Dekorieren und Tisch decken<\/li><li>Servieren<\/li><li>Sp\u00fclen und aufr\u00e4umen<\/li><li>Fotografieren\/Video aufnehmen<br><\/li><\/ul><\/li><li><strong>Fahr&#8211; und Besuchsdienste<\/strong><ul><li>Begleitung zu Arzt \/ Beh\u00f6rden<\/li><li>Abholen mit Auto vom Bahnhof Erzhausen<\/li><li>Besuch im Krankenhaus oder zu Hause<\/li><li>Einkaufen, Begleitung beim Einkauf<\/li><li>Begleitung bei Spazierg\u00e4ngen<\/li><li>Besorgungen aus der Apotheke<\/li><li>Vorlesen<br><\/li><\/ul><\/li><li><strong>Tiere<\/strong><ul><li>Spazieren gehen \/ Gassi gehen<\/li><li>Urlaubsbetreuung<br><\/li><\/ul><\/li><li><strong>Unterst\u00fctzung von <em>WIR-in-Erzhausen<\/em><\/strong><ul><li>Plakate \/ Flyer entwerfen<\/li><li>Flyer an \u201eschwarzen Brettern\u201c aufh\u00e4ngen<\/li><li>Homepage-Design<\/li><li>Mithilfe bei Veranstaltungen und Ausfl\u00fcgen<br><\/li><\/ul><\/li><\/ul>\n\n\n\n<figure class=\"wp-block-image size-large\"><img loading=\"lazy\" decoding=\"async\" width=\"400\" height=\"300\" src=\"https:\/\/wir-in-erzhausen.de\/wordpress\/wp-content\/uploads\/AngeboteUndGesuche\/eigeneIdeen.jpg\" alt=\"eigene Ideen?\" class=\"wp-image-241\" srcset=\"https:\/\/wir-in-erzhausen.de\/wordpress\/wp-content\/uploads\/AngeboteUndGesuche\/eigeneIdeen.jpg 400w, https:\/\/wir-in-erzhausen.de\/wordpress\/wp-content\/uploads\/AngeboteUndGesuche\/eigeneIdeen-300x225.jpg 300w\" sizes=\"auto, (max-width: 400px) 100vw, 400px\" \/><\/figure>\n\n\n\n<p><\/p>\n","protected":false},"excerpt":{"rendered":"<p>Bet\u00e4tigungsfelder (Beispiele) Bitte beachten Sie Folgendes:Alle Hilfeleistungen m\u00fcssen als Nachbarschaftshilfe kostenlos erbracht, professionelle Dienstleistungen d\u00fcrfen<\/p>\n","protected":false},"author":2,"featured_media":0,"parent":0,"menu_order":0,"comment_status":"closed","ping_status":"closed","template":"","meta":{"footnotes":""},"class_list":["post-237","page","type-page","status-publish","hentry"],"_links":{"self":[{"href":"https:\/\/wir-in-erzhausen.de\/wordpress\/wp-json\/wp\/v2\/pages\/237","targetHints":{"allow":["GET"]}}],"collection":[{"href":"https:\/\/wir-in-erzhausen.de\/wordpress\/wp-json\/wp\/v2\/pages"}],"about":[{"href":"https:\/\/wir-in-erzhausen.de\/wordpress\/wp-json\/wp\/v2\/types\/page"}],"author":[{"embeddable":true,"href":"https:\/\/wir-in-erzhausen.de\/wordpress\/wp-json\/wp\/v2\/users\/2"}],"replies":[{"embeddable":true,"href":"https:\/\/wir-in-erzhausen.de\/wordpress\/wp-json\/wp\/v2\/comments?post=237"}],"version-history":[{"count":6,"href":"https:\/\/wir-in-erzhausen.de\/wordpress\/wp-json\/wp\/v2\/pages\/237\/revisions"}],"predecessor-version":[{"id":249,"href":"https:\/\/wir-in-erzhausen.de\/wordpress\/wp-json\/wp\/v2\/pages\/237\/revisions\/249"}],"wp:attachment":[{"href":"https:\/\/wir-in-erzhausen.de\/wordpress\/wp-json\/wp\/v2\/media?parent=237"}],"curies":[{"name":"wp","href":"https:\/\/api.w.org\/{rel}","templated":true}]}}