{"id":1138,"date":"2024-03-10T12:20:01","date_gmt":"2024-03-10T11:20:01","guid":{"rendered":"http:\/\/wir-in-erzhausen.de\/wordpress\/?page_id=1138"},"modified":"2024-03-10T17:26:12","modified_gmt":"2024-03-10T16:26:12","slug":"internet-sicherheit","status":"publish","type":"page","link":"https:\/\/wir-in-erzhausen.de\/wordpress\/internet-sicherheit\/","title":{"rendered":"Internet-Sicherheit"},"content":{"rendered":"<p>Am 4. M\u00e4rz 2024 fand im Erzh\u00e4user B\u00fcrgerhaus ein sehr informativer Vortrag zum Thema Internet-Sicherheit statt. Vortragender war Herr R\u00fchl, damaliger Cybercrime-Spezialist des Polizeipr\u00e4sidiums S\u00fcdhessen. Die Pr\u00e4sentation des Vortrags k\u00f6nnen Sie <a href=\"https:\/\/wir-in-erzhausen.de\/wordpress\/wp-content\/uploads\/2024\/03\/2024_03_04-Cybercrime-Vortrag-Ruehl.pdf\" target=\"_blank\" rel=\"noopener\">hier als PDF-Datei (17,3 MB)<\/a> zur privaten Nutzung herunterladen.<\/p>\n<p>Dieser Vortrag und die zahlreichen Fragen aus dem Auditorium und die sachkundigen Antworten von Herrn R\u00fchl waren nun Anlass zu ein paar Erg\u00e4nzungen <em>aus pers\u00f6nlicher Sicht<\/em>:<\/p>\n<p><strong>Virenschutz-Programme<\/strong><br \/>\nEgal, ob Sie einen Desktop-Computer, einen Laptop, ein Tablet oder ein Smartphone und welches Betriebssystem (Windows, Android, Apple mac OS, Apple-iOS) f\u00fcr Besuche im Internet nutzen: Es sollte immer ein Virenschutz installiert und aktualisiert(!) sein. Darauf hatte Herr R\u00fchl zu Recht hingewiesen.<\/p>\n<p>Ich m\u00f6chte nun die Antworten von Herrn R\u00fchl zu der Frage, welches Virenschutz-Progamm das Beste sei, aufgreifen und etwas konkretisieren:<\/p>\n<ul>\n<li>Sie brauchen wirklich <strong>keinen kostenpflichtigen Virenschutz<\/strong>!<\/li>\n<li>Verschiedene<strong> Kostenlose Virenschutz-Programme<\/strong> wurden in den vergangenen Jahren immer wieder als <strong>gut bis sehr gut<\/strong> getestet. Bei Verwendung von kostenlosen (\u201efree\u201c) Versionen von Virenschutz-Programmen m\u00fcssen Sie allerdings aufpassen, dass Sie nicht aus Versehen die kostenpflichtige Variante anklicken oder Sie ungewollt einen anderen Internet-Browser, z.B. Google-Chrome, installieren.<\/li>\n<li>Virenschutz-Programme werden regelm\u00e4\u00dfig von Computer-Fachzeitschriften getestet. <strong>Unabh\u00e4ngige Tests<\/strong> finden Sie auf der <a href=\"https:\/\/www.test.de\">Homepage der Stiftung Warentest<\/a>.<br \/>\nNach der Suche mit dem Stichwort \u201eAntivirenprogramme\u201c erhalten Sie eine Auswahl entsprechender Tests und weitere Infos zum Thema. Getestet wurden Programme f\u00fcr alle Betriebssysteme, so dass Sie sicher auch f\u00fcr Ihr Endger\u00e4t f\u00fcndig werden. Die Artikel sind kostenpflichtig, sind aber nicht so teuer wie eine Fachzeitschrift.<\/li>\n<li>Bei den gut bis sehr gut getesteten Virenschutz-Programmen sind unter den \u201e\u00fcblichen Verd\u00e4chtigen\u201c, wie Herr R\u00fchl sie nannte:<br \/>\n&#8211; <strong>Bitdefender free<\/strong> (nicht mit dem Windows-Defender zu verwechseln!)<br \/>\n&#8211; <strong>Avast Free Antivirus\/AVG AntiVirus Free<\/strong><br \/>\nAvast und AVG sind sich sehr \u00e4hnlich, wurden beide in Tschechien entwickelt und stammen offensichtlich vom selben Hersteller.<\/li>\n<li><strong>Windows Defender<\/strong> (nur f\u00fcr Windows-Betriebssysteme)<br \/>\nIm letzten Test der Stiftung Warentest (Heft M\u00e4rz 2024) hat der Windows Defender (Windows 10) beim Schutz vor Schadsoftware \u201egut\u201c abgeschnitten, bei beim Phishing-Schutz allerdings nur mit \u201eausreichend\u201c. Wie Sie sich vor Phishing (= Passwort-Fishing) sch\u00fctzen k\u00f6nnen, hatte Herr R\u00fchl erkl\u00e4rt (s.a. Pr\u00e4sentation S. 16). Wer also die Hinweise von Herrn R\u00fchl beachtet, ist mit dem Windows Defender gut bedient. Beachten Sie aber, dass der aktuelle Test eine Momentaufnahme ist. Daher empfehle ich, sich von Zeit zu Zeit aktuelle Tests zu Gem\u00fcte zu f\u00fchren.<br \/>\nKontrollieren und konfigurieren k\u00f6nnen Sie den Defender \u00fcber Start \u2192 Einstellungen \u2192 Update &amp; Sicherheit \u2192 Windows-Sicherheit<br \/>\nHinweis: Ist auf Ihrem Computer eine andere Antivirensoftware installiert, ist der Defender automatisch deaktiviert.<\/li>\n<li><strong>Kaspersky<\/strong><br \/>\nDieses Virenschutz-Programm stammt aus Russland. Damit sollte \u00fcber das fr\u00fcher meist gut getestete Programm in Hinblick auf den \u00dcberfall auf die Ukraine alles gesagt sein.<\/li>\n<\/ul>\n<p><em>Stefan Oemisch<\/em><\/p>\n","protected":false},"excerpt":{"rendered":"<p>Am 4. M\u00e4rz 2024 fand im Erzh\u00e4user B\u00fcrgerhaus ein sehr informativer Vortrag zum Thema Internet-Sicherheit<\/p>\n","protected":false},"author":2,"featured_media":0,"parent":0,"menu_order":0,"comment_status":"closed","ping_status":"closed","template":"","meta":{"footnotes":""},"class_list":["post-1138","page","type-page","status-publish","hentry"],"_links":{"self":[{"href":"https:\/\/wir-in-erzhausen.de\/wordpress\/wp-json\/wp\/v2\/pages\/1138","targetHints":{"allow":["GET"]}}],"collection":[{"href":"https:\/\/wir-in-erzhausen.de\/wordpress\/wp-json\/wp\/v2\/pages"}],"about":[{"href":"https:\/\/wir-in-erzhausen.de\/wordpress\/wp-json\/wp\/v2\/types\/page"}],"author":[{"embeddable":true,"href":"https:\/\/wir-in-erzhausen.de\/wordpress\/wp-json\/wp\/v2\/users\/2"}],"replies":[{"embeddable":true,"href":"https:\/\/wir-in-erzhausen.de\/wordpress\/wp-json\/wp\/v2\/comments?post=1138"}],"version-history":[{"count":3,"href":"https:\/\/wir-in-erzhausen.de\/wordpress\/wp-json\/wp\/v2\/pages\/1138\/revisions"}],"predecessor-version":[{"id":1143,"href":"https:\/\/wir-in-erzhausen.de\/wordpress\/wp-json\/wp\/v2\/pages\/1138\/revisions\/1143"}],"wp:attachment":[{"href":"https:\/\/wir-in-erzhausen.de\/wordpress\/wp-json\/wp\/v2\/media?parent=1138"}],"curies":[{"name":"wp","href":"https:\/\/api.w.org\/{rel}","templated":true}]}}